{"id":441,"date":"2016-07-08T08:11:10","date_gmt":"2016-07-08T08:11:10","guid":{"rendered":"https:\/\/www.xpandgirth.com\/?page_id=441"},"modified":"2016-07-08T08:11:10","modified_gmt":"2016-07-08T08:11:10","slug":"usage","status":"publish","type":"page","link":"https:\/\/www.xpandgirth.com\/?page_id=441&lang=fr","title":{"rendered":"Usage"},"content":{"rendered":"<p style=\"text-align: center;\">I<span id=\"result_box\" class=\"short_text\" lang=\"fr\"><span class=\"\">ci vous pouvez voir<\/span><\/span> comment utiliser correctement votre XpandGirth:<\/p>\n<h4 style=\"text-align: center;\"><a title=\"Ajustement des lani\u00e8res de r\u00e9glage\" href=\"https:\/\/www.xpandgirth.com\/?page_id=369&amp;lang=fr\">Ajustement des lani\u00e8res de r\u00e9glage<\/a><\/h4>\n<h4 style=\"text-align: center;\"><a title=\"D\u00e9montage\" href=\"https:\/\/www.xpandgirth.com\/?page_id=387&amp;lang=fr\">D\u00e9montage<\/a><\/h4>\n<h4 style=\"text-align: center;\"><a title=\"Nettoyer\" href=\"https:\/\/www.xpandgirth.com\/?page_id=395&amp;lang=fr\">Nettoyer<\/a><\/h4>\n<h4 style=\"text-align: center;\"><a title=\"Montage\" href=\"https:\/\/www.xpandgirth.com\/?page_id=419&amp;lang=fr\">Montage<\/a><\/h4>\n<p>&nbsp;<\/p>\n","protected":false},"excerpt":{"rendered":"<p>Ici vous pouvez voir comment utiliser correctement votre XpandGirth: Ajustement des lani\u00e8res de r\u00e9glage D\u00e9montage Nettoyer Montage &nbsp;<\/p>\n","protected":false},"author":1,"featured_media":0,"parent":0,"menu_order":0,"comment_status":"closed","ping_status":"closed","template":"","meta":{"footnotes":""},"class_list":["post-441","page","type-page","status-publish","hentry"],"_links":{"self":[{"href":"https:\/\/www.xpandgirth.com\/index.php?rest_route=\/wp\/v2\/pages\/441","targetHints":{"allow":["GET"]}}],"collection":[{"href":"https:\/\/www.xpandgirth.com\/index.php?rest_route=\/wp\/v2\/pages"}],"about":[{"href":"https:\/\/www.xpandgirth.com\/index.php?rest_route=\/wp\/v2\/types\/page"}],"author":[{"embeddable":true,"href":"https:\/\/www.xpandgirth.com\/index.php?rest_route=\/wp\/v2\/users\/1"}],"replies":[{"embeddable":true,"href":"https:\/\/www.xpandgirth.com\/index.php?rest_route=%2Fwp%2Fv2%2Fcomments&post=441"}],"version-history":[{"count":0,"href":"https:\/\/www.xpandgirth.com\/index.php?rest_route=\/wp\/v2\/pages\/441\/revisions"}],"wp:attachment":[{"href":"https:\/\/www.xpandgirth.com\/index.php?rest_route=%2Fwp%2Fv2%2Fmedia&parent=441"}],"curies":[{"name":"wp","href":"https:\/\/api.w.org\/{rel}","templated":true}]}}