{"id":395,"date":"2016-07-07T10:13:45","date_gmt":"2016-07-07T10:13:45","guid":{"rendered":"https:\/\/www.xpandgirth.com\/?page_id=395"},"modified":"2019-10-30T08:55:12","modified_gmt":"2019-10-30T08:55:12","slug":"nettoyer","status":"publish","type":"page","link":"https:\/\/www.xpandgirth.com\/?page_id=395&lang=fr","title":{"rendered":"Nettoyer"},"content":{"rendered":"<h4 style=\"text-align: center;\">Nettoyer la protection<\/h4>\n<p style=\"text-align: center;\">La protection en mouton m\u00e9dicinale, n\u00e9opr\u00e8ne ou elastotex\u00a0 ou 3D Net peut se laver \u00e0 la main ou \u00e0 la machine avec un cycle d\u00e9licat, avec un d\u00e9tergent neutre, \u00e0 une temp\u00e9rature de 30\u00b0C maximum.<\/p>\n<p style=\"text-align: center;\"><img loading=\"lazy\" decoding=\"async\" class=\" size-full wp-image-148 aligncenter\" src=\"https:\/\/www.xpandgirth.com\/wp-content\/uploads\/2015\/01\/cleaning.jpg\" alt=\"Cleaning XpandGirth\" width=\"200\" height=\"52\" \/> Il est recommand\u00e9 de laver \u00e0 la main la protection en mouton naturel et d\u2019utiliser un d\u00e9tergent sp\u00e9cial pour peau de mouton.<br \/>\n<strong>Attention:<\/strong> si la protection est en cuir, suivez les indications pour la nettoyer. Ne pas la laver.<\/p>\n<h4 style=\"text-align: center;\">Nettoyer le cuir<\/h4>\n<p style=\"text-align: center;\">Utilisez un nettoyant pour le cuir pour enlever les restes de sueur, boue, etc.<br \/>\nEnrichir et nourrir le cuir avec un produit conditionn\u00e9. Appliquez les produits avec une \u00e9ponge pour une meilleure absorption et un fini parfait.<\/p>\n<p style=\"text-align: center;\"><iframe loading=\"lazy\" src=\"https:\/\/www.youtube.com\/embed\/mRbc8pgsnso\" width=\"560\" height=\"315\" frameborder=\"0\" allowfullscreen=\"allowfullscreen\"><\/iframe><\/p>\n","protected":false},"excerpt":{"rendered":"<p>Nettoyer la protection La protection en mouton m\u00e9dicinale, n\u00e9opr\u00e8ne ou elastotex\u00a0 ou 3D Net peut se laver \u00e0 la main ou \u00e0 la machine avec un cycle d\u00e9licat, avec un d\u00e9tergent neutre, \u00e0 une temp\u00e9rature de 30\u00b0C maximum. Il est recommand\u00e9 de laver \u00e0 la main la protection en mouton naturel et d\u2019utiliser un d\u00e9tergent [&hellip;]<\/p>\n","protected":false},"author":1,"featured_media":0,"parent":0,"menu_order":0,"comment_status":"closed","ping_status":"closed","template":"","meta":{"footnotes":""},"class_list":["post-395","page","type-page","status-publish","hentry"],"_links":{"self":[{"href":"https:\/\/www.xpandgirth.com\/index.php?rest_route=\/wp\/v2\/pages\/395","targetHints":{"allow":["GET"]}}],"collection":[{"href":"https:\/\/www.xpandgirth.com\/index.php?rest_route=\/wp\/v2\/pages"}],"about":[{"href":"https:\/\/www.xpandgirth.com\/index.php?rest_route=\/wp\/v2\/types\/page"}],"author":[{"embeddable":true,"href":"https:\/\/www.xpandgirth.com\/index.php?rest_route=\/wp\/v2\/users\/1"}],"replies":[{"embeddable":true,"href":"https:\/\/www.xpandgirth.com\/index.php?rest_route=%2Fwp%2Fv2%2Fcomments&post=395"}],"version-history":[{"count":0,"href":"https:\/\/www.xpandgirth.com\/index.php?rest_route=\/wp\/v2\/pages\/395\/revisions"}],"wp:attachment":[{"href":"https:\/\/www.xpandgirth.com\/index.php?rest_route=%2Fwp%2Fv2%2Fmedia&parent=395"}],"curies":[{"name":"wp","href":"https:\/\/api.w.org\/{rel}","templated":true}]}}