{"id":369,"date":"2016-07-07T09:51:57","date_gmt":"2016-07-07T09:51:57","guid":{"rendered":"https:\/\/www.xpandgirth.com\/?page_id=369"},"modified":"2018-11-30T11:24:36","modified_gmt":"2018-11-30T11:24:36","slug":"ajustement-des-lanieres-de-reglage","status":"publish","type":"page","link":"https:\/\/www.xpandgirth.com\/?page_id=369&lang=fr","title":{"rendered":"Ajustement des lani\u00e8res de r\u00e9glage"},"content":{"rendered":"<p><iframe loading=\"lazy\" width=\"560\" height=\"315\" src=\"https:\/\/www.youtube.com\/embed\/F_6R00DSzno\" frameborder=\"0\" allow=\"accelerometer; autoplay; encrypted-media; gyroscope; picture-in-picture\" allowfullscreen><\/iframe><br \/>\n<figure id=\"attachment_427\" aria-labelledby=\"figcaption_attachment_427\" class=\"wp-caption aligncenter\" style=\"width: 752px\"><img loading=\"lazy\" decoding=\"async\" class=\"wp-image-427 size-full\" src=\"https:\/\/www.xpandgirth.com\/wp-content\/uploads\/2015\/01\/adapting-13.jpg\" alt=\"1. With the help of a coin or screwdriver, remove the screws from the double pass buckles that regulate the adjustment straps. In Slim model, remove the adjustement screws.\" width=\"752\" height=\"203\" srcset=\"https:\/\/www.xpandgirth.com\/wp-content\/uploads\/2015\/01\/adapting-13.jpg 752w, https:\/\/www.xpandgirth.com\/wp-content\/uploads\/2015\/01\/adapting-13-300x81.jpg 300w\" sizes=\"auto, (max-width: 752px) 100vw, 752px\" \/><figcaption id=\"figcaption_attachment_427\" class=\"wp-caption-text\">1. Avec l\u2019aide d\u2019une pi\u00e8ce de monnaie ou d\u2019un tournevis, retirez les vis des boucles \u00e0 double passage qui permettent de r\u00e9gler la longueur des lani\u00e8res. Dans le mod\u00e8le Slim, retirer les vis d\u2019ajustement.<\/figcaption><\/figure><\/p>\n<figure id=\"attachment_140\" aria-labelledby=\"figcaption_attachment_140\" class=\"wp-caption aligncenter\" style=\"width: 375px\"><img loading=\"lazy\" decoding=\"async\" class=\"wp-image-140 size-full\" src=\"https:\/\/www.xpandgirth.com\/wp-content\/uploads\/2015\/01\/adapting-2.jpg\" alt=\"Adapting the adjustment straps\" width=\"375\" height=\"244\" srcset=\"https:\/\/www.xpandgirth.com\/wp-content\/uploads\/2015\/01\/adapting-2.jpg 375w, https:\/\/www.xpandgirth.com\/wp-content\/uploads\/2015\/01\/adapting-2-300x195.jpg 300w\" sizes=\"auto, (max-width: 375px) 100vw, 375px\" \/><figcaption id=\"figcaption_attachment_140\" class=\"wp-caption-text\">2. R\u00e9glez la longueur des lani\u00e8res et s\u00e9lectionnez le trou le mieux adapt\u00e9 pour s\u2019adapter \u00e0 la taille du cheval.<\/figcaption><\/figure>\n<figure id=\"attachment_141\" aria-labelledby=\"figcaption_attachment_141\" class=\"wp-caption aligncenter\" style=\"width: 300px\"><img loading=\"lazy\" decoding=\"async\" class=\"wp-image-141 size-medium\" src=\"https:\/\/www.xpandgirth.com\/wp-content\/uploads\/2015\/01\/adapting-3-300x184.jpg\" alt=\"Adapting the adjustment straps\" width=\"300\" height=\"184\" srcset=\"https:\/\/www.xpandgirth.com\/wp-content\/uploads\/2015\/01\/adapting-3-300x184.jpg 300w, https:\/\/www.xpandgirth.com\/wp-content\/uploads\/2015\/01\/adapting-3.jpg 375w\" sizes=\"auto, (max-width: 300px) 100vw, 300px\" \/><figcaption id=\"figcaption_attachment_141\" class=\"wp-caption-text\">3. Placez de nouveau les vis pour que les lani\u00e8res restent fig\u00e9es et r\u00e9p\u00e9tez l\u2019op\u00e9ration de chaque c\u00f4t\u00e9 de la sangle.<\/figcaption><\/figure>\n","protected":false},"excerpt":{"rendered":"","protected":false},"author":1,"featured_media":0,"parent":0,"menu_order":0,"comment_status":"closed","ping_status":"closed","template":"","meta":{"footnotes":""},"class_list":["post-369","page","type-page","status-publish","hentry"],"_links":{"self":[{"href":"https:\/\/www.xpandgirth.com\/index.php?rest_route=\/wp\/v2\/pages\/369","targetHints":{"allow":["GET"]}}],"collection":[{"href":"https:\/\/www.xpandgirth.com\/index.php?rest_route=\/wp\/v2\/pages"}],"about":[{"href":"https:\/\/www.xpandgirth.com\/index.php?rest_route=\/wp\/v2\/types\/page"}],"author":[{"embeddable":true,"href":"https:\/\/www.xpandgirth.com\/index.php?rest_route=\/wp\/v2\/users\/1"}],"replies":[{"embeddable":true,"href":"https:\/\/www.xpandgirth.com\/index.php?rest_route=%2Fwp%2Fv2%2Fcomments&post=369"}],"version-history":[{"count":0,"href":"https:\/\/www.xpandgirth.com\/index.php?rest_route=\/wp\/v2\/pages\/369\/revisions"}],"wp:attachment":[{"href":"https:\/\/www.xpandgirth.com\/index.php?rest_route=%2Fwp%2Fv2%2Fmedia&parent=369"}],"curies":[{"name":"wp","href":"https:\/\/api.w.org\/{rel}","templated":true}]}}