{"id":336,"date":"2016-07-07T09:11:16","date_gmt":"2016-07-07T09:11:16","guid":{"rendered":"https:\/\/www.xpandgirth.com\/?page_id=336"},"modified":"2016-07-08T11:12:01","modified_gmt":"2016-07-08T11:12:01","slug":"modalites","status":"publish","type":"page","link":"https:\/\/www.xpandgirth.com\/?page_id=336&lang=fr","title":{"rendered":"Modalit\u00e9s"},"content":{"rendered":"<p style=\"text-align: center;\">Il y a une XpandGirth pour chaque discipline:<\/p>\n<h4 style=\"text-align: center;\">XpandGirth Dressage<\/h4>\n<h4 style=\"text-align: center;\"><img loading=\"lazy\" decoding=\"async\" class=\"aligncenter wp-image-99 size-full\" src=\"https:\/\/www.xpandgirth.com\/wp-content\/uploads\/2015\/01\/dressage-xpandgirth.jpg\" alt=\"dressage-xpandgirth\" width=\"753\" height=\"282\" srcset=\"https:\/\/www.xpandgirth.com\/wp-content\/uploads\/2015\/01\/dressage-xpandgirth.jpg 753w, https:\/\/www.xpandgirth.com\/wp-content\/uploads\/2015\/01\/dressage-xpandgirth-300x112.jpg 300w\" sizes=\"auto, (max-width: 753px) 100vw, 753px\" \/><\/h4>\n<p style=\"text-align: center;\">C\u2019est le premier \u00e9l\u00e9ment de la philosophie de XpandGirth\u00a0: l\u2019adaptation. Flexibilit\u00e9, ajustement, confort pour le cheval, sont les points cl\u00e9s de la collection XpandGirth. La taille peut \u00eatre ajust\u00e9e gr\u00e2ce \u00e0 nos boucles Conway comprenant un \u00e9crou et une vis de s\u00e9curit\u00e9. Le renforcement des boucles peut \u00eatre utilis\u00e9 pour les garder assembl\u00e9es ou s\u00e9par\u00e9es (recommand\u00e9<br \/>\npour sangler en V).<\/p>\n<p>&nbsp;<\/p>\n<h4 style=\"text-align: center;\">XpandGirth usage g\u00e9n\u00e9ral<\/h4>\n<p style=\"text-align: center;\"><img loading=\"lazy\" decoding=\"async\" class=\" size-full wp-image-101 aligncenter\" src=\"https:\/\/www.xpandgirth.com\/wp-content\/uploads\/2015\/01\/general-purpose-xpandgirth.jpg\" alt=\"general-purpose-xpandgirth\" width=\"753\" height=\"158\" srcset=\"https:\/\/www.xpandgirth.com\/wp-content\/uploads\/2015\/01\/general-purpose-xpandgirth.jpg 753w, https:\/\/www.xpandgirth.com\/wp-content\/uploads\/2015\/01\/general-purpose-xpandgirth-300x63.jpg 300w\" sizes=\"auto, (max-width: 753px) 100vw, 753px\" \/> Combiner le corps du cheval et du mod\u00e8le avec des tailles sp\u00e9cifiques (habituellement de 100 \u00e0 150cm). Le renforcement des boucles est, normalement, une pour chaque paire, mais il peut aussi \u00eatre seul. La <a title=\"Pi\u00e8ces de rechange\" href=\"https:\/\/www.xpandgirth.com\/?page_id=325&amp;lang=fr\">protection\u00a0pour les lanieres de reglage<\/a> (optionnelle) est une particularit\u00e9 qui permet de les garder parall\u00e8les.<\/p>\n<p>&nbsp;<\/p>\n<h4 style=\"text-align: center;\">XpandGirth endurance<\/h4>\n<p style=\"text-align: center;\"><img loading=\"lazy\" decoding=\"async\" class=\"alignleft wp-image-100 size-full\" src=\"https:\/\/www.xpandgirth.com\/wp-content\/uploads\/2015\/01\/endurance-xpandgirth.jpg\" alt=\"endurance-xpandgirth\" width=\"753\" height=\"268\" srcset=\"https:\/\/www.xpandgirth.com\/wp-content\/uploads\/2015\/01\/endurance-xpandgirth.jpg 753w, https:\/\/www.xpandgirth.com\/wp-content\/uploads\/2015\/01\/endurance-xpandgirth-300x107.jpg 300w\" sizes=\"auto, (max-width: 753px) 100vw, 753px\" \/><\/p>\n<p style=\"text-align: center;\" align=\"justify\">M\u00eame caract\u00e9ristiques que XpandGirth Dressage mais avec des couleurs de protection diff\u00e9rentes choisies par le client.<br \/>\n<img loading=\"lazy\" decoding=\"async\" class=\" size-full wp-image-328 alignleft\" src=\"https:\/\/www.xpandgirth.com\/wp-content\/uploads\/2015\/01\/endurance-xpandgirth-3D.jpg\" alt=\"endurance-xpandgirth-3D\" width=\"753\" height=\"268\" srcset=\"https:\/\/www.xpandgirth.com\/wp-content\/uploads\/2015\/01\/endurance-xpandgirth-3D.jpg 753w, https:\/\/www.xpandgirth.com\/wp-content\/uploads\/2015\/01\/endurance-xpandgirth-3D-300x107.jpg 300w\" sizes=\"auto, (max-width: 753px) 100vw, 753px\" \/><a href=\"https:\/\/www.xpandgirth.com\/wp-content\/uploads\/2015\/01\/endurance-xpandgirth-3D.jpg\"><br \/>\n<\/a>XpandGirth Slim, plus petite, plus fine, plus\u00a0l\u00e9g\u00e8re que XpandGirth normal, particuli\u00e8rement<br \/>\nconseill\u00e9e pour des chevaux d\u2019endurance.<\/p>\n<p>&nbsp;<\/p>\n<h4 style=\"text-align: center;\">XpandGirth CSO<\/h4>\n<p style=\"text-align: center;\"><img loading=\"lazy\" decoding=\"async\" class=\"alignleft wp-image-102 size-full\" src=\"https:\/\/www.xpandgirth.com\/wp-content\/uploads\/2015\/01\/jumping-xpandgirth.jpg\" alt=\"jumping-xpandgirth\" width=\"753\" height=\"303\" srcset=\"https:\/\/www.xpandgirth.com\/wp-content\/uploads\/2015\/01\/jumping-xpandgirth.jpg 753w, https:\/\/www.xpandgirth.com\/wp-content\/uploads\/2015\/01\/jumping-xpandgirth-300x121.jpg 300w\" sizes=\"auto, (max-width: 753px) 100vw, 753px\" \/><\/p>\n<p style=\"text-align: center;\" align=\"justify\">C\u2019est un mixte de XpandGirth et d\u2019une coque de sangle sp\u00e9ciale pour le saut d\u2019obstacle. La zone centrale de la sangle, o\u00f9 se situe l\u2019ensemble du syst\u00e8me des boucles trap\u00e8zes et des bandes \u00e9lastiques, est recouverte avec du cuir qui n\u2019entrave pas le fonctionnement de XpandGirth. Ces boucles ont une protection qui les maintient ensemble. De plus, pour cette discipline, la protection des bandes \u00e9lastiques est toujours inclue. Tailles: \u00e0 partir de 150cm, ou plus, suivant la demande du client.<\/p>\n<p>&nbsp;<\/p>\n<h4 style=\"text-align: center;\">XpandGirth western<\/h4>\n<p style=\"text-align: center;\"><img loading=\"lazy\" decoding=\"async\" class=\" wp-image-103 size-full aligncenter\" src=\"https:\/\/www.xpandgirth.com\/wp-content\/uploads\/2015\/01\/western-xpandgirth.jpg\" alt=\"western -xpandgirth\" width=\"753\" height=\"255\" srcset=\"https:\/\/www.xpandgirth.com\/wp-content\/uploads\/2015\/01\/western-xpandgirth.jpg 753w, https:\/\/www.xpandgirth.com\/wp-content\/uploads\/2015\/01\/western-xpandgirth-300x102.jpg 300w\" sizes=\"auto, (max-width: 753px) 100vw, 753px\" \/><\/p>\n<p style=\"text-align: center;\" align=\"justify\">M\u00eames caract\u00e9ristiques que XpandGirth dressage ou XpandGirth usage g\u00e9n\u00e9ral, mais avec des boucles westerns.<\/p>\n<p>&nbsp;<\/p>\n<p>&nbsp;<\/p>\n","protected":false},"excerpt":{"rendered":"<p>Il y a une XpandGirth pour chaque discipline: XpandGirth Dressage C\u2019est le premier \u00e9l\u00e9ment de la philosophie de XpandGirth\u00a0: l\u2019adaptation. Flexibilit\u00e9, ajustement, confort pour le cheval, sont les points cl\u00e9s de la collection XpandGirth. La taille peut \u00eatre ajust\u00e9e gr\u00e2ce \u00e0 nos boucles Conway comprenant un \u00e9crou et une vis de s\u00e9curit\u00e9. Le renforcement des [&hellip;]<\/p>\n","protected":false},"author":1,"featured_media":0,"parent":0,"menu_order":0,"comment_status":"closed","ping_status":"closed","template":"","meta":{"footnotes":""},"class_list":["post-336","page","type-page","status-publish","hentry"],"_links":{"self":[{"href":"https:\/\/www.xpandgirth.com\/index.php?rest_route=\/wp\/v2\/pages\/336","targetHints":{"allow":["GET"]}}],"collection":[{"href":"https:\/\/www.xpandgirth.com\/index.php?rest_route=\/wp\/v2\/pages"}],"about":[{"href":"https:\/\/www.xpandgirth.com\/index.php?rest_route=\/wp\/v2\/types\/page"}],"author":[{"embeddable":true,"href":"https:\/\/www.xpandgirth.com\/index.php?rest_route=\/wp\/v2\/users\/1"}],"replies":[{"embeddable":true,"href":"https:\/\/www.xpandgirth.com\/index.php?rest_route=%2Fwp%2Fv2%2Fcomments&post=336"}],"version-history":[{"count":0,"href":"https:\/\/www.xpandgirth.com\/index.php?rest_route=\/wp\/v2\/pages\/336\/revisions"}],"wp:attachment":[{"href":"https:\/\/www.xpandgirth.com\/index.php?rest_route=%2Fwp%2Fv2%2Fmedia&parent=336"}],"curies":[{"name":"wp","href":"https:\/\/api.w.org\/{rel}","templated":true}]}}