{"id":331,"date":"2016-07-07T09:04:39","date_gmt":"2016-07-07T09:04:39","guid":{"rendered":"https:\/\/www.xpandgirth.com\/?page_id=331"},"modified":"2016-07-08T09:00:59","modified_gmt":"2016-07-08T09:00:59","slug":"modalidades","status":"publish","type":"page","link":"https:\/\/www.xpandgirth.com\/?page_id=331&lang=es","title":{"rendered":"Modalidades"},"content":{"rendered":"<p style=\"text-align: center;\">Hay una XpandGirth para cada disciplina de monta:<\/p>\n<h4 style=\"text-align: center;\">XpandGirth de doma<img loading=\"lazy\" decoding=\"async\" class=\"aligncenter wp-image-99 size-full\" src=\"https:\/\/www.xpandgirth.com\/wp-content\/uploads\/2015\/01\/dressage-xpandgirth.jpg\" alt=\"dressage-xpandgirth\" width=\"753\" height=\"282\" srcset=\"https:\/\/www.xpandgirth.com\/wp-content\/uploads\/2015\/01\/dressage-xpandgirth.jpg 753w, https:\/\/www.xpandgirth.com\/wp-content\/uploads\/2015\/01\/dressage-xpandgirth-300x112.jpg 300w\" sizes=\"auto, (max-width: 753px) 100vw, 753px\" \/><\/h4>\n<p style=\"text-align: center;\">Este modelo fue el punto de partida de la filosof\u00eda de XpandGirth: adaptabilidad, f\u00e1cil ajuste, comodidad para el caballo y f\u00e1cil limpieza, al igual que el resto de los modelos. La medida se puede ajustar gracias a nuestras hebillas de dise\u00f1o exclusivo con tornillo de seguridad. Sus protectores de hebilla pueden ser de una pieza por cada lado o separados (uno para cada hebilla), opci\u00f3n recomendada para el cinchado en V.<\/p>\n<p>&nbsp;<\/p>\n<h4 style=\"text-align: center;\">XpandGirth de uso general<\/h4>\n<p style=\"text-align: center;\"><img loading=\"lazy\" decoding=\"async\" class=\" size-full wp-image-101 aligncenter\" src=\"https:\/\/www.xpandgirth.com\/wp-content\/uploads\/2015\/01\/general-purpose-xpandgirth.jpg\" alt=\"general-purpose-xpandgirth\" width=\"753\" height=\"158\" srcset=\"https:\/\/www.xpandgirth.com\/wp-content\/uploads\/2015\/01\/general-purpose-xpandgirth.jpg 753w, https:\/\/www.xpandgirth.com\/wp-content\/uploads\/2015\/01\/general-purpose-xpandgirth-300x63.jpg 300w\" sizes=\"auto, (max-width: 753px) 100vw, 753px\" \/> El cuerpo central es id\u00e9ntico al del resto de los modelos, cambia la medida total de la cincha (normalmente entre 100 y 150 cm). Accesorio opcional: el <a title=\"Piezas de repuesto\" href=\"https:\/\/www.xpandgirth.com\/?page_id=303&amp;lang=es\">protector para las correas de regulaci\u00f3n<\/a> para mantenerlas en posici\u00f3n paralela.<\/p>\n<p>&nbsp;<\/p>\n<h4 style=\"text-align: center;\">XpandGirth de raid<\/h4>\n<p style=\"text-align: center;\"><img loading=\"lazy\" decoding=\"async\" class=\"alignleft wp-image-100 size-full\" src=\"https:\/\/www.xpandgirth.com\/wp-content\/uploads\/2015\/01\/endurance-xpandgirth.jpg\" alt=\"endurance-xpandgirth\" width=\"753\" height=\"268\" srcset=\"https:\/\/www.xpandgirth.com\/wp-content\/uploads\/2015\/01\/endurance-xpandgirth.jpg 753w, https:\/\/www.xpandgirth.com\/wp-content\/uploads\/2015\/01\/endurance-xpandgirth-300x107.jpg 300w\" sizes=\"auto, (max-width: 753px) 100vw, 753px\" \/><\/p>\n<p style=\"text-align: center;\" align=\"justify\">De similares caracter\u00edsticas que la XpandGirth de doma pero con protector en colores especiales a elegir por el cliente.<br \/>\n<img loading=\"lazy\" decoding=\"async\" class=\" size-full wp-image-328 alignleft\" src=\"https:\/\/www.xpandgirth.com\/wp-content\/uploads\/2015\/01\/endurance-xpandgirth-3D.jpg\" alt=\"endurance-xpandgirth-3D\" width=\"753\" height=\"268\" srcset=\"https:\/\/www.xpandgirth.com\/wp-content\/uploads\/2015\/01\/endurance-xpandgirth-3D.jpg 753w, https:\/\/www.xpandgirth.com\/wp-content\/uploads\/2015\/01\/endurance-xpandgirth-3D-300x107.jpg 300w\" sizes=\"auto, (max-width: 753px) 100vw, 753px\" \/><a href=\"https:\/\/www.xpandgirth.com\/wp-content\/uploads\/2015\/01\/endurance-xpandgirth-3D.jpg\"><br \/>\n<\/a>XpandGirth Slim, m\u00e1s estrecha, m\u00e1s fina, m\u00e1s ligera que una XpandGirth normal, especialmente indicada para caballos de raid.<\/p>\n<p>&nbsp;<\/p>\n<h4 style=\"text-align: center;\">XpandGirth de salto<\/h4>\n<p style=\"text-align: center;\"><img loading=\"lazy\" decoding=\"async\" class=\"alignleft wp-image-102 size-full\" src=\"https:\/\/www.xpandgirth.com\/wp-content\/uploads\/2015\/01\/jumping-xpandgirth.jpg\" alt=\"jumping-xpandgirth\" width=\"753\" height=\"303\" srcset=\"https:\/\/www.xpandgirth.com\/wp-content\/uploads\/2015\/01\/jumping-xpandgirth.jpg 753w, https:\/\/www.xpandgirth.com\/wp-content\/uploads\/2015\/01\/jumping-xpandgirth-300x121.jpg 300w\" sizes=\"auto, (max-width: 753px) 100vw, 753px\" \/><\/p>\n<p style=\"text-align: center;\" align=\"justify\">XpandGirth con cubierta protectora para salto. La parte central de la cincha que contiene el sistema de trapecios y el\u00e1sticos est\u00e1 cubierta por un protector de cuero que no interfiere en el trabajo del jinete de salto. Sus hebillas tienen un protector para mantenerlas juntas. El protector de latiguillos est\u00e1 incluido en este modelo. Medidas: hasta 150 cm (o mayores si el cliente lo necesita).<\/p>\n<p>&nbsp;<\/p>\n<h4 style=\"text-align: center;\">XpandGirth western<\/h4>\n<p style=\"text-align: center;\"><img loading=\"lazy\" decoding=\"async\" class=\" wp-image-103 size-full aligncenter\" src=\"https:\/\/www.xpandgirth.com\/wp-content\/uploads\/2015\/01\/western-xpandgirth.jpg\" alt=\"western -xpandgirth\" width=\"753\" height=\"255\" srcset=\"https:\/\/www.xpandgirth.com\/wp-content\/uploads\/2015\/01\/western-xpandgirth.jpg 753w, https:\/\/www.xpandgirth.com\/wp-content\/uploads\/2015\/01\/western-xpandgirth-300x102.jpg 300w\" sizes=\"auto, (max-width: 753px) 100vw, 753px\" \/><\/p>\n<p style=\"text-align: center;\" align=\"justify\">\u00a0El mismo cuerpo central y las caracter\u00edsticas que la XpandGirth para doma o uso general pero con hebillas western.<\/p>\n<p>&nbsp;<\/p>\n<p>&nbsp;<\/p>\n","protected":false},"excerpt":{"rendered":"<p>Hay una XpandGirth para cada disciplina de monta: XpandGirth de doma Este modelo fue el punto de partida de la filosof\u00eda de XpandGirth: adaptabilidad, f\u00e1cil ajuste, comodidad para el caballo y f\u00e1cil limpieza, al igual que el resto de los modelos. La medida se puede ajustar gracias a nuestras hebillas de dise\u00f1o exclusivo con tornillo [&hellip;]<\/p>\n","protected":false},"author":1,"featured_media":0,"parent":0,"menu_order":0,"comment_status":"closed","ping_status":"closed","template":"","meta":{"footnotes":""},"class_list":["post-331","page","type-page","status-publish","hentry"],"_links":{"self":[{"href":"https:\/\/www.xpandgirth.com\/index.php?rest_route=\/wp\/v2\/pages\/331","targetHints":{"allow":["GET"]}}],"collection":[{"href":"https:\/\/www.xpandgirth.com\/index.php?rest_route=\/wp\/v2\/pages"}],"about":[{"href":"https:\/\/www.xpandgirth.com\/index.php?rest_route=\/wp\/v2\/types\/page"}],"author":[{"embeddable":true,"href":"https:\/\/www.xpandgirth.com\/index.php?rest_route=\/wp\/v2\/users\/1"}],"replies":[{"embeddable":true,"href":"https:\/\/www.xpandgirth.com\/index.php?rest_route=%2Fwp%2Fv2%2Fcomments&post=331"}],"version-history":[{"count":0,"href":"https:\/\/www.xpandgirth.com\/index.php?rest_route=\/wp\/v2\/pages\/331\/revisions"}],"wp:attachment":[{"href":"https:\/\/www.xpandgirth.com\/index.php?rest_route=%2Fwp%2Fv2%2Fmedia&parent=331"}],"curies":[{"name":"wp","href":"https:\/\/api.w.org\/{rel}","templated":true}]}}