{"id":269,"date":"2016-07-07T09:20:30","date_gmt":"2016-07-07T09:20:30","guid":{"rendered":"https:\/\/www.xpandgirth.com\/?page_id=269"},"modified":"2016-07-08T11:06:18","modified_gmt":"2016-07-08T11:06:18","slug":"caracteristiques","status":"publish","type":"page","link":"https:\/\/www.xpandgirth.com\/?page_id=269&lang=fr","title":{"rendered":"Caract\u00e9ristiques"},"content":{"rendered":"<p style=\"text-align: center;\"><img loading=\"lazy\" decoding=\"async\" class=\"alignright wp-image-278\" src=\"https:\/\/www.xpandgirth.com\/wp-content\/uploads\/2016\/06\/xpandgirth-innovation1-fr.jpg\" alt=\"\" width=\"450\" height=\"298\" srcset=\"https:\/\/www.xpandgirth.com\/wp-content\/uploads\/2016\/06\/xpandgirth-innovation1-fr.jpg 750w, https:\/\/www.xpandgirth.com\/wp-content\/uploads\/2016\/06\/xpandgirth-innovation1-fr-300x198.jpg 300w\" sizes=\"auto, (max-width: 450px) 100vw, 450px\" \/>XpandGirth est r\u00e9sultat d\u2019une grande \u00e9tude r\u00e9alis\u00e9e par des experts du monde de l\u2019\u00e9quitation et d\u2019une recherche des mat\u00e9riaux les plus versatiles et les moins agressifs au contact du cheval.<\/p>\n<p style=\"text-align: center;\">La sangle XpandGirth est exclusivement con\u00e7ue pour vous offrir le meilleur fonctionnement.<br \/>\n<strong>. Deux passages de boucles avec vis de r\u00e9glage<\/strong> pour pr\u00e9ciser et s\u00e9curiser l\u2019ajustement des sanglons.<br \/>\n<strong>\u00b7\u00a0Des boucles en forme de trap\u00e8ze<\/strong> con\u00e7us pour y diriger la respiration du cheval afin d\u2019atteindre un \u00e9quilibre entre sa respiration et l\u2019attache de la selle.<\/p>\n<p style=\"text-align: center;\">.<\/p>\n<p style=\"text-align: center;\"><img loading=\"lazy\" decoding=\"async\" class=\"alignright wp-image-280 size-full\" src=\"https:\/\/www.xpandgirth.com\/wp-content\/uploads\/2016\/06\/xpandgirth-innovation2-fr.jpg\" alt=\"\" width=\"750\" height=\"365\" srcset=\"https:\/\/www.xpandgirth.com\/wp-content\/uploads\/2016\/06\/xpandgirth-innovation2-fr.jpg 750w, https:\/\/www.xpandgirth.com\/wp-content\/uploads\/2016\/06\/xpandgirth-innovation2-fr-300x146.jpg 300w\" sizes=\"auto, (max-width: 750px) 100vw, 750px\" \/><\/p>\n<p style=\"text-align: center;\">XpandGirth est fabriqu\u00e9e avec les meilleurs mat\u00e9riaux, les moins agressifs pour le cheval\u00a0: cuir de haute qualit\u00e9, fibre textile perm\u00e9able, fibre de noix de coco permettant une bonne a\u00e9ration, \u00e9ponge de polyur\u00e9thane avec pores ouverts, peau de mouton naturelle, peau de mouton m\u00e9dicinale, n\u00e9opr\u00e8ne, cuir, elastotex ou 3D optionnel.<\/p>\n<p style=\"text-align: center;\"><img loading=\"lazy\" decoding=\"async\" class=\"alignright wp-image-281 size-full\" src=\"https:\/\/www.xpandgirth.com\/wp-content\/uploads\/2016\/06\/xpandgirth-composition-fr.jpg\" alt=\"\" width=\"750\" height=\"385\" srcset=\"https:\/\/www.xpandgirth.com\/wp-content\/uploads\/2016\/06\/xpandgirth-composition-fr.jpg 750w, https:\/\/www.xpandgirth.com\/wp-content\/uploads\/2016\/06\/xpandgirth-composition-fr-300x154.jpg 300w\" sizes=\"auto, (max-width: 750px) 100vw, 750px\" \/><\/p>\n<p style=\"text-align: center;\"><a href=\"https:\/\/www.xpandgirth.com\/?page_id=308\">Pi\u00e8ces de rechange<\/a><\/p>\n<p style=\"text-align: center;\">\n","protected":false},"excerpt":{"rendered":"<p>XpandGirth est r\u00e9sultat d\u2019une grande \u00e9tude r\u00e9alis\u00e9e par des experts du monde de l\u2019\u00e9quitation et d\u2019une recherche des mat\u00e9riaux les plus versatiles et les moins agressifs au contact du cheval. La sangle XpandGirth est exclusivement con\u00e7ue pour vous offrir le meilleur fonctionnement. . Deux passages de boucles avec vis de r\u00e9glage pour pr\u00e9ciser et s\u00e9curiser [&hellip;]<\/p>\n","protected":false},"author":1,"featured_media":0,"parent":0,"menu_order":0,"comment_status":"closed","ping_status":"closed","template":"","meta":{"footnotes":""},"class_list":["post-269","page","type-page","status-publish","hentry"],"_links":{"self":[{"href":"https:\/\/www.xpandgirth.com\/index.php?rest_route=\/wp\/v2\/pages\/269","targetHints":{"allow":["GET"]}}],"collection":[{"href":"https:\/\/www.xpandgirth.com\/index.php?rest_route=\/wp\/v2\/pages"}],"about":[{"href":"https:\/\/www.xpandgirth.com\/index.php?rest_route=\/wp\/v2\/types\/page"}],"author":[{"embeddable":true,"href":"https:\/\/www.xpandgirth.com\/index.php?rest_route=\/wp\/v2\/users\/1"}],"replies":[{"embeddable":true,"href":"https:\/\/www.xpandgirth.com\/index.php?rest_route=%2Fwp%2Fv2%2Fcomments&post=269"}],"version-history":[{"count":0,"href":"https:\/\/www.xpandgirth.com\/index.php?rest_route=\/wp\/v2\/pages\/269\/revisions"}],"wp:attachment":[{"href":"https:\/\/www.xpandgirth.com\/index.php?rest_route=%2Fwp%2Fv2%2Fmedia&parent=269"}],"curies":[{"name":"wp","href":"https:\/\/api.w.org\/{rel}","templated":true}]}}