{"id":267,"date":"2016-06-27T11:09:04","date_gmt":"2016-06-27T11:09:04","guid":{"rendered":"https:\/\/www.xpandgirth.com\/?page_id=267"},"modified":"2016-07-07T09:20:08","modified_gmt":"2016-07-07T09:20:08","slug":"caracteristicas","status":"publish","type":"page","link":"https:\/\/www.xpandgirth.com\/?page_id=267&lang=es","title":{"rendered":"Caracter\u00edsticas"},"content":{"rendered":"<p style=\"text-align: center;\"><img loading=\"lazy\" decoding=\"async\" class=\"alignright wp-image-273\" src=\"https:\/\/www.xpandgirth.com\/wp-content\/uploads\/2016\/06\/xpandgirth-innovacion11.jpg\" alt=\"\" width=\"450\" height=\"298\" srcset=\"https:\/\/www.xpandgirth.com\/wp-content\/uploads\/2016\/06\/xpandgirth-innovacion11.jpg 750w, https:\/\/www.xpandgirth.com\/wp-content\/uploads\/2016\/06\/xpandgirth-innovacion11-300x198.jpg 300w\" sizes=\"auto, (max-width: 450px) 100vw, 450px\" \/>XpandGirth es el resultado de un largo proceso de investigaci\u00f3n para conseguir obtener un un producto que se adaptara perfectamente a cada movimiento del caballo.<\/p>\n<p style=\"text-align: center;\">Xpandgirth tiene piezas de dise\u00f1o exclusivo para unas mejores prestaciones:<br \/>\n\u00b7 <strong>Hebilla de doble paso con tornillo de seguridad<\/strong> para una regulaci\u00f3n precisa y segura de los latiguillos.<br \/>\n\u00b7 <strong>Trapecios<\/strong> dise\u00f1ados para recoger y orientar la fuerza de inspiraci\u00f3n del caballo hacia las hebillas y conseguir un equilibrio entre la respiraci\u00f3n del caballo y la sujeci\u00f3n de la silla de montar.<\/p>\n<p style=\"text-align: center;\"><img loading=\"lazy\" decoding=\"async\" class=\"alignright wp-image-274 size-full\" src=\"https:\/\/www.xpandgirth.com\/wp-content\/uploads\/2016\/06\/xpandgirth-innovacion2.jpg\" alt=\"\" width=\"750\" height=\"365\" srcset=\"https:\/\/www.xpandgirth.com\/wp-content\/uploads\/2016\/06\/xpandgirth-innovacion2.jpg 750w, https:\/\/www.xpandgirth.com\/wp-content\/uploads\/2016\/06\/xpandgirth-innovacion2-300x146.jpg 300w\" sizes=\"auto, (max-width: 750px) 100vw, 750px\" \/><\/p>\n<p style=\"text-align: center;\">XpandGirth est\u00e1 fabricada con los materiales de mejor calidad y menos agresivos para el caballo: cuero de primera calidad, fibra textil porosa, fibra de coco altamente transpirable, esponja de poli\u00e9ter de poro abierto y protector medicinal\/de borrego natural\/cuero\/neopreno\/elastotex\/3D Net.<\/p>\n<p style=\"text-align: center;\"><img loading=\"lazy\" decoding=\"async\" class=\"alignright wp-image-275 size-full\" src=\"https:\/\/www.xpandgirth.com\/wp-content\/uploads\/2016\/06\/xpandgirth-composicion.jpg\" alt=\"\" width=\"750\" height=\"385\" srcset=\"https:\/\/www.xpandgirth.com\/wp-content\/uploads\/2016\/06\/xpandgirth-composicion.jpg 750w, https:\/\/www.xpandgirth.com\/wp-content\/uploads\/2016\/06\/xpandgirth-composicion-300x154.jpg 300w\" sizes=\"auto, (max-width: 750px) 100vw, 750px\" \/><\/p>\n<p style=\"text-align: center;\"><a title=\"Piezas de repuesto\" href=\"https:\/\/www.xpandgirth.com\/?page_id=303\">Ver las piezas de repuesto<\/a><\/p>\n<p style=\"text-align: center;\">\n","protected":false},"excerpt":{"rendered":"<p>XpandGirth es el resultado de un largo proceso de investigaci\u00f3n para conseguir obtener un un producto que se adaptara perfectamente a cada movimiento del caballo. Xpandgirth tiene piezas de dise\u00f1o exclusivo para unas mejores prestaciones: \u00b7 Hebilla de doble paso con tornillo de seguridad para una regulaci\u00f3n precisa y segura de los latiguillos. \u00b7 Trapecios [&hellip;]<\/p>\n","protected":false},"author":1,"featured_media":0,"parent":0,"menu_order":0,"comment_status":"closed","ping_status":"closed","template":"","meta":{"footnotes":""},"class_list":["post-267","page","type-page","status-publish","hentry"],"_links":{"self":[{"href":"https:\/\/www.xpandgirth.com\/index.php?rest_route=\/wp\/v2\/pages\/267","targetHints":{"allow":["GET"]}}],"collection":[{"href":"https:\/\/www.xpandgirth.com\/index.php?rest_route=\/wp\/v2\/pages"}],"about":[{"href":"https:\/\/www.xpandgirth.com\/index.php?rest_route=\/wp\/v2\/types\/page"}],"author":[{"embeddable":true,"href":"https:\/\/www.xpandgirth.com\/index.php?rest_route=\/wp\/v2\/users\/1"}],"replies":[{"embeddable":true,"href":"https:\/\/www.xpandgirth.com\/index.php?rest_route=%2Fwp%2Fv2%2Fcomments&post=267"}],"version-history":[{"count":0,"href":"https:\/\/www.xpandgirth.com\/index.php?rest_route=\/wp\/v2\/pages\/267\/revisions"}],"wp:attachment":[{"href":"https:\/\/www.xpandgirth.com\/index.php?rest_route=%2Fwp%2Fv2%2Fmedia&parent=267"}],"curies":[{"name":"wp","href":"https:\/\/api.w.org\/{rel}","templated":true}]}}