{"id":260,"date":"2016-07-07T09:22:10","date_gmt":"2016-07-07T09:22:10","guid":{"rendered":"https:\/\/www.xpandgirth.com\/?page_id=260"},"modified":"2016-07-08T11:13:09","modified_gmt":"2016-07-08T11:13:09","slug":"questionsreponses","status":"publish","type":"page","link":"https:\/\/www.xpandgirth.com\/?page_id=260&lang=fr","title":{"rendered":"Questions\/R\u00e9ponses"},"content":{"rendered":"<h4 style=\"text-align: center;\"><span id=\"result_box\" class=\"short_text\" lang=\"en\"><span class=\"hps\">Pourquoi acheter une XpandGirth?<\/span><\/span><\/h4>\n<p style=\"text-align: center;\">XpandGirth est con\u00e7ue pour permettre au cheval de respirer ais\u00e9ment sans lui causer de blessures. Une meilleure respiration et libert\u00e9 de mouvement am\u00e9liorera sa performance et facilitera la monte du cavalier.<\/p>\n<h4 style=\"text-align: center;\">XpandGirth est-il un produit s\u00fbr?<\/h4>\n<p style=\"text-align: center;\"><span id=\"result_box\" class=\"\" lang=\"en\"><span class=\"hps\">Oui.\u00a0Si tu utilises la XpandGirth convenablement,\u00a0selon les instructions\u00a0du guide qui accompagne la sangle,\u00a0c\u2019est un produit compl\u00e9tement s\u00fbr pour le cavalier. En effet, les pi\u00e8ces comme les boucles avec des vis s\u00e9curis\u00e9es le rendent encore plus s\u00fbr.<\/span><\/span><\/p>\n<h4 style=\"text-align: center;\"><span id=\"result_box\" class=\"\" lang=\"en\"><span class=\"\">Quelle est la diff\u00e9rence entre la peau de mouton et la peau m\u00e9dicinale de mouton?<\/span><\/span><\/h4>\n<p style=\"text-align: center;\"><span id=\"result_box\" class=\"\" lang=\"en\"><span class=\"hps\"><span id=\"result_box\" lang=\"en\">Les deux sont tr\u00e8s souples, mais la peau m\u00e9dicinale est trait\u00e9e pour emp\u00eacher les r\u00e9actions da la peau, comme l\u2019apparition de l\u00e9sions.<\/span><br \/>\n<\/span><\/span><\/p>\n<h4 style=\"text-align: center;\"><span id=\"result_box\" class=\"short_text\" lang=\"en\"><span class=\"hps\">Pourrait-elle causer des blessures au cheval?<\/span><\/span><\/h4>\n<p style=\"text-align: center;\"><span id=\"result_box\" class=\"\" lang=\"en\"><span class=\"hps\">C\u2019est tr\u00e8s rare qu\u2019une\u00a0XpandGirth irrite le cheval,\u00a0depuis que nous faisons une protection extr\u00eamement souple.\u00a0Dans la plupart des cas, tandis que la Girth conventionnelle a caus\u00e9 des dommages, celle-ci se faisait r\u00e9parer.\u00a0Cependant, Marjoman ne peut pas garantir que cela n\u2019arrive pas si le cheval a des caract\u00e9ristiques particuli\u00e8res.<\/span><\/span><\/p>\n<h4 style=\"text-align: center;\"><span id=\"result_box\" class=\"short_text\" lang=\"en\"><span class=\"hps\">Quelle taille devrais-je choisir?<\/span><\/span><\/h4>\n<p style=\"text-align: center;\"><span id=\"result_box\" class=\"\" lang=\"en\"><span class=\"hps\">Tu choisis la m\u00eame taille que pour ta sangle habituelle.<br \/>\n<\/span><\/span><\/p>\n<p style=\"text-align: center;\">\n","protected":false},"excerpt":{"rendered":"<p>Pourquoi acheter une XpandGirth? XpandGirth est con\u00e7ue pour permettre au cheval de respirer ais\u00e9ment sans lui causer de blessures. Une meilleure respiration et libert\u00e9 de mouvement am\u00e9liorera sa performance et facilitera la monte du cavalier. XpandGirth est-il un produit s\u00fbr? Oui.\u00a0Si tu utilises la XpandGirth convenablement,\u00a0selon les instructions\u00a0du guide qui accompagne la sangle,\u00a0c\u2019est un produit [&hellip;]<\/p>\n","protected":false},"author":1,"featured_media":0,"parent":0,"menu_order":0,"comment_status":"closed","ping_status":"closed","template":"","meta":{"footnotes":""},"class_list":["post-260","page","type-page","status-publish","hentry"],"_links":{"self":[{"href":"https:\/\/www.xpandgirth.com\/index.php?rest_route=\/wp\/v2\/pages\/260","targetHints":{"allow":["GET"]}}],"collection":[{"href":"https:\/\/www.xpandgirth.com\/index.php?rest_route=\/wp\/v2\/pages"}],"about":[{"href":"https:\/\/www.xpandgirth.com\/index.php?rest_route=\/wp\/v2\/types\/page"}],"author":[{"embeddable":true,"href":"https:\/\/www.xpandgirth.com\/index.php?rest_route=\/wp\/v2\/users\/1"}],"replies":[{"embeddable":true,"href":"https:\/\/www.xpandgirth.com\/index.php?rest_route=%2Fwp%2Fv2%2Fcomments&post=260"}],"version-history":[{"count":0,"href":"https:\/\/www.xpandgirth.com\/index.php?rest_route=\/wp\/v2\/pages\/260\/revisions"}],"wp:attachment":[{"href":"https:\/\/www.xpandgirth.com\/index.php?rest_route=%2Fwp%2Fv2%2Fmedia&parent=260"}],"curies":[{"name":"wp","href":"https:\/\/api.w.org\/{rel}","templated":true}]}}