{"id":258,"date":"2016-07-07T09:22:02","date_gmt":"2016-07-07T09:22:02","guid":{"rendered":"https:\/\/www.xpandgirth.com\/?page_id=258"},"modified":"2016-07-07T09:22:02","modified_gmt":"2016-07-07T09:22:02","slug":"preguntas-frecuentes","status":"publish","type":"page","link":"https:\/\/www.xpandgirth.com\/?page_id=258&lang=es","title":{"rendered":"Preguntas frecuentes"},"content":{"rendered":"<h4 style=\"text-align: center;\"><span id=\"result_box\" class=\"short_text\" lang=\"en\"><span class=\"hps\">\u00bfPor qu\u00e9 comprar una XpandGirth<\/span><span class=\"hps\">?<\/span><\/span><\/h4>\n<p style=\"text-align: center;\">XpandGirth est\u00e1 dise\u00f1ada para permitir al caballo respirar libremente sin causarle ning\u00fan da\u00f1o. Una mejor respiraci\u00f3n mejorar\u00e1 su rendimiento. Adem\u00e1s, con XpandGirth el cinchado ser\u00e1 mucho m\u00e1s f\u00e1cil.<\/p>\n<h4 style=\"text-align: center;\">\u00bfEs XpandGirth segura?<\/h4>\n<p style=\"text-align: center;\">S\u00ed. Si se usa de manera correcta, siguiendo las instrucciones de la gu\u00eda de uso que acompa\u00f1a a la cincha, es completamente segura para el jinete. De hecho, contiene piezas como la hebilla de doble paso con tornillo de seguridad que disminuyen a\u00fan m\u00e1s los riesgos.<span id=\"result_box\" class=\"\" lang=\"en\"><\/span><\/p>\n<h4 style=\"text-align: center;\"><span id=\"result_box\" class=\"\" lang=\"en\"><span class=\"hps\">\u00bfCu\u00e1l es la diferencia entre el protector de borrego natural y el protector de borrego medicinal<\/span>?<\/span><\/h4>\n<p style=\"text-align: center;\"><span id=\"result_box\" class=\"\" lang=\"en\"><span class=\"hps\"><span id=\"result_box\" class=\"short_text\" lang=\"en\">Ambos protectores son muy suaves y confortables, pero el borrego medicinal est\u00e1 tratado para prevenir reacciones en la piel del caballo, como la aparici\u00f3n de escaras.<\/span><span id=\"result_box\" lang=\"en\"><\/span><br \/>\n<\/span><\/span><\/p>\n<h4 style=\"text-align: center;\"><span id=\"result_box\" class=\"short_text\" lang=\"en\"><span class=\"hps\">\u00bfPodr\u00eda la cincha producir alg\u00fan da\u00f1o a mi caballo? <\/span><\/span><\/h4>\n<p style=\"text-align: center;\"><span id=\"result_box\" class=\"\" lang=\"en\"><span class=\"hps\">Es muy raro que la <\/span><span class=\"hps\">XpandGirth provoque rozaduras al caballo, ya que lleva un protector extremadamente suave. En la mayor\u00eda de los casos en que una cincha convencional ha causado da\u00f1os en el caballo, al empezar a usar la XpandGirth esto se ha solucionado. Sin embargo, Marjoman no puede garantizar que en algunos casos esto no suceda (si el caballo tiene caracter\u00edsticas anat\u00f3micas muy peculiares).<\/span><\/span><\/p>\n<h4 style=\"text-align: center;\"><span id=\"result_box\" class=\"short_text\" lang=\"en\"><span class=\"hps\">\u00bfC\u00f3mo elijo la talla?<\/span><\/span><\/h4>\n<p style=\"text-align: center;\"><span id=\"result_box\" class=\"\" lang=\"en\"><span class=\"hps\">Se debe elegir la misma medida de cincha que habitualmente se use.<br \/>\n<\/span><\/span><\/p>\n<p style=\"text-align: center;\">\n","protected":false},"excerpt":{"rendered":"<p>\u00bfPor qu\u00e9 comprar una XpandGirth? XpandGirth est\u00e1 dise\u00f1ada para permitir al caballo respirar libremente sin causarle ning\u00fan da\u00f1o. Una mejor respiraci\u00f3n mejorar\u00e1 su rendimiento. Adem\u00e1s, con XpandGirth el cinchado ser\u00e1 mucho m\u00e1s f\u00e1cil. \u00bfEs XpandGirth segura? S\u00ed. Si se usa de manera correcta, siguiendo las instrucciones de la gu\u00eda de uso que acompa\u00f1a a la [&hellip;]<\/p>\n","protected":false},"author":1,"featured_media":0,"parent":0,"menu_order":0,"comment_status":"closed","ping_status":"closed","template":"","meta":{"footnotes":""},"class_list":["post-258","page","type-page","status-publish","hentry"],"_links":{"self":[{"href":"https:\/\/www.xpandgirth.com\/index.php?rest_route=\/wp\/v2\/pages\/258","targetHints":{"allow":["GET"]}}],"collection":[{"href":"https:\/\/www.xpandgirth.com\/index.php?rest_route=\/wp\/v2\/pages"}],"about":[{"href":"https:\/\/www.xpandgirth.com\/index.php?rest_route=\/wp\/v2\/types\/page"}],"author":[{"embeddable":true,"href":"https:\/\/www.xpandgirth.com\/index.php?rest_route=\/wp\/v2\/users\/1"}],"replies":[{"embeddable":true,"href":"https:\/\/www.xpandgirth.com\/index.php?rest_route=%2Fwp%2Fv2%2Fcomments&post=258"}],"version-history":[{"count":0,"href":"https:\/\/www.xpandgirth.com\/index.php?rest_route=\/wp\/v2\/pages\/258\/revisions"}],"wp:attachment":[{"href":"https:\/\/www.xpandgirth.com\/index.php?rest_route=%2Fwp%2Fv2%2Fmedia&parent=258"}],"curies":[{"name":"wp","href":"https:\/\/api.w.org\/{rel}","templated":true}]}}