{"id":252,"date":"2016-07-07T09:19:19","date_gmt":"2016-07-07T09:19:19","guid":{"rendered":"https:\/\/www.xpandgirth.com\/?page_id=252"},"modified":"2016-07-07T09:19:19","modified_gmt":"2016-07-07T09:19:19","slug":"accueil","status":"publish","type":"page","link":"https:\/\/www.xpandgirth.com\/?page_id=252&lang=fr","title":{"rendered":"Accueil"},"content":{"rendered":"<p><iframe loading=\"lazy\" src=\"https:\/\/www.youtube.com\/embed\/v1f_3rQ6Ktg\" width=\"750\" height=\"422\" frameborder=\"0\" allowfullscreen=\"allowfullscreen\"><\/iframe><\/p>\n<p style=\"text-align: center;\"><a href=\"https:\/\/www.xpandgirth.com\/wp-content\/uploads\/2015\/01\/xpandgirth-riding.jpg\"><img loading=\"lazy\" decoding=\"async\" class=\"alignright wp-image-24 size-full\" src=\"https:\/\/www.xpandgirth.com\/wp-content\/uploads\/2015\/01\/xpandgirth-riding.jpg\" alt=\"\" width=\"300\" height=\"370\" srcset=\"https:\/\/www.xpandgirth.com\/wp-content\/uploads\/2015\/01\/xpandgirth-riding.jpg 300w, https:\/\/www.xpandgirth.com\/wp-content\/uploads\/2015\/01\/xpandgirth-riding-243x300.jpg 243w\" sizes=\"auto, (max-width: 300px) 100vw, 300px\" \/><\/a>XpandGirth est un produit unique, r\u00e9sultat d\u2019une grande \u00e9tude r\u00e9alis\u00e9e par des experts du monde de l\u2019\u00e9quitation et d\u2019une recherche des mat\u00e9riaux les plus versatiles et les moins agressifs au contact du cheval.<br \/>\nCe site vous montrera comment utiliser correctement votre XpandGirth, ainsi que les multiples avantages qu\u2019elle pr\u00e9sente par rapport aux sangles conventionnelles. En effet, elle se d\u00e9marque des sangles habituelles par sa capacit\u00e9 d\u2019adaptation \u00e0 la respiration et aux mouvements du cheval, facilitant notamment le passage des lat\u00e9raux.<\/p>\n<p style=\"text-align: center;\"><a href=\"https:\/\/www.xpandgirth.com\/wp-content\/uploads\/2015\/01\/xpandgirth-design.jpg\"><img loading=\"lazy\" decoding=\"async\" class=\"alignnone wp-image-18 size-full\" src=\"https:\/\/www.xpandgirth.com\/wp-content\/uploads\/2015\/01\/xpandgirth-design.jpg\" alt=\"xpandgirth-design\" width=\"750\" height=\"301\" srcset=\"https:\/\/www.xpandgirth.com\/wp-content\/uploads\/2015\/01\/xpandgirth-design.jpg 750w, https:\/\/www.xpandgirth.com\/wp-content\/uploads\/2015\/01\/xpandgirth-design-300x120.jpg 300w\" sizes=\"auto, (max-width: 750px) 100vw, 750px\" \/><\/a><\/p>\n","protected":false},"excerpt":{"rendered":"<p>XpandGirth est un produit unique, r\u00e9sultat d\u2019une grande \u00e9tude r\u00e9alis\u00e9e par des experts du monde de l\u2019\u00e9quitation et d\u2019une recherche des mat\u00e9riaux les plus versatiles et les moins agressifs au contact du cheval. Ce site vous montrera comment utiliser correctement votre XpandGirth, ainsi que les multiples avantages qu\u2019elle pr\u00e9sente par rapport aux sangles conventionnelles. En [&hellip;]<\/p>\n","protected":false},"author":1,"featured_media":0,"parent":0,"menu_order":0,"comment_status":"closed","ping_status":"closed","template":"","meta":{"footnotes":""},"class_list":["post-252","page","type-page","status-publish","hentry"],"_links":{"self":[{"href":"https:\/\/www.xpandgirth.com\/index.php?rest_route=\/wp\/v2\/pages\/252","targetHints":{"allow":["GET"]}}],"collection":[{"href":"https:\/\/www.xpandgirth.com\/index.php?rest_route=\/wp\/v2\/pages"}],"about":[{"href":"https:\/\/www.xpandgirth.com\/index.php?rest_route=\/wp\/v2\/types\/page"}],"author":[{"embeddable":true,"href":"https:\/\/www.xpandgirth.com\/index.php?rest_route=\/wp\/v2\/users\/1"}],"replies":[{"embeddable":true,"href":"https:\/\/www.xpandgirth.com\/index.php?rest_route=%2Fwp%2Fv2%2Fcomments&post=252"}],"version-history":[{"count":0,"href":"https:\/\/www.xpandgirth.com\/index.php?rest_route=\/wp\/v2\/pages\/252\/revisions"}],"wp:attachment":[{"href":"https:\/\/www.xpandgirth.com\/index.php?rest_route=%2Fwp%2Fv2%2Fmedia&parent=252"}],"curies":[{"name":"wp","href":"https:\/\/api.w.org\/{rel}","templated":true}]}}